{"id":6398,"date":"2024-04-22T12:33:22","date_gmt":"2024-04-22T12:33:22","guid":{"rendered":"https:\/\/baburestaurante.com\/?page_id=6398"},"modified":"2024-04-22T12:39:03","modified_gmt":"2024-04-22T12:39:03","slug":"cookies","status":"publish","type":"page","link":"https:\/\/baburestaurante.com\/en\/cookies\/","title":{"rendered":"Cookies"},"content":{"rendered":"<div data-elementor-type=\"wp-page\" data-elementor-id=\"6398\" class=\"elementor elementor-6398\" data-elementor-post-type=\"page\">\n\t\t\t\t<div class=\"elementor-element elementor-element-c0a125f e-flex e-con-boxed e-con e-parent\" data-id=\"c0a125f\" data-element_type=\"container\" data-core-v316-plus=\"true\">\r\n\t\t\t\t\t<div class=\"e-con-inner\">\r\n\t\t\t\t<div class=\"elementor-element elementor-element-431236c elementor-widget elementor-widget-text-editor\" data-id=\"431236c\" data-element_type=\"widget\" data-widget_type=\"text-editor.default\">\n\t\t\t\t<div class=\"elementor-widget-container\">\n\t\t\t<style>\/*! elementor - v3.20.0 - 26-03-2024 *\/\n.elementor-widget-text-editor.elementor-drop-cap-view-stacked .elementor-drop-cap{background-color:#69727d;color:#fff}.elementor-widget-text-editor.elementor-drop-cap-view-framed .elementor-drop-cap{color:#69727d;border:3px solid;background-color:transparent}.elementor-widget-text-editor:not(.elementor-drop-cap-view-default) .elementor-drop-cap{margin-top:8px}.elementor-widget-text-editor:not(.elementor-drop-cap-view-default) .elementor-drop-cap-letter{width:1em;height:1em}.elementor-widget-text-editor .elementor-drop-cap{float:left;text-align:center;line-height:1;font-size:50px}.elementor-widget-text-editor .elementor-drop-cap-letter{display:inline-block}<\/style>\t\t\t\t<ol><li>Definici\u00f3n y funciones de las cookies.<\/li><\/ol><p>Una cookie es un fichero que se descarga en el equipo del Usuario al acceder a determinados sitios web. Las cookies permiten al sitio web, entre otras cosas, almacenar y recuperar informaci\u00f3n sobre los h\u00e1bitos de navegaci\u00f3n del Usuario o de su equipo y, dependiendo de la informaci\u00f3n que contengan y de la forma en que utilice su equipo, pueden utilizarse para reconocer al Usuario.<\/p><ol start=\"2\"><li>Tipos de cookies que puede utilizar este Sitio Web.<\/li><\/ol><ul><li>Cookies propias: Son aqu\u00e9llas que se env\u00edan al equipo terminal del Usuario desde un equipo o dominio gestionado por el Titular y desde el que se presta el servicio solicitado por el Usuario.<\/li><li>Cookies de terceros: Son aqu\u00e9llas que se env\u00edan al equipo terminal del Usuario desde un equipo o dominio que no es gestionado por el Titular, sino por otra entidad que trata los datos obtenidos trav\u00e9s de las cookies.<\/li><li>Cookies de sesi\u00f3n: Son un tipo de cookies dise\u00f1adas para recabar y almacenar datos mientras el Usuario accede a un sitio web.<\/li><li>Cookies persistentes: Son un tipo de cookies en el que los datos siguen almacenados en el terminal y pueden ser accedidos y tratados durante un periodo definido por el responsable de la cookie, y que puede ir de unos minutos a varios a\u00f1os.<\/li><li>Cookies de an\u00e1lisis: Son aqu\u00e9llas que bien tratadas por el Titular o por terceros, permiten cuantificar el n\u00famero de Usuarios y as\u00ed realizar la medici\u00f3n y an\u00e1lisis estad\u00edstico de la utilizaci\u00f3n que hacen los Usuarios del servicio ofertado. Para ello se analiza su navegaci\u00f3n con el fin de mejorar la oferta de productos o servicios que se ofrecen.<\/li><\/ul><ol start=\"3\"><li>Revocaci\u00f3n y eliminaci\u00f3n de cookies.<\/li><\/ol><p>El Usuario puede permitir, bloquear o eliminar las cookies instaladas en el equipo mediante la configuraci\u00f3n de las opciones del navegador instalado. En caso que no permita la instalaci\u00f3n de cookies en su navegador es posible que no pueda acceder a alguna de las secciones del Sitio Web. Se puede encontrar informaci\u00f3n sobre c\u00f3mo configurar las cookies seg\u00fan el navegador utilizado en los siguientes enlaces (enlaces v\u00e1lidos a la fecha de edici\u00f3n del presente texto)<\/p><p>Para m\u00e1s informaci\u00f3n sobre c\u00f3mo bloquear el uso de cookies en\u00a0<strong>Explorer<\/strong><\/p><p><strong>\u00a0<\/strong><\/p><p><a href=\"https:\/\/support.microsoft.com\/es-es\/help\/17442\/windows-internet-explorer-delete-manage-cookies\">https:\/\/support.microsoft.com\/es-es\/help\/17442\/windows-internet-explorer-delete-manage-cookies<\/a><\/p><p>\u00a0<\/p><p>Para m\u00e1s informaci\u00f3n sobre c\u00f3mo bloquear el uso de cookies en\u00a0<strong>Chrome<\/strong><\/p><p>\u00a0<\/p><p><u><a href=\"http:\/\/support.google.com\/chrome\/bin\/answer.py?hl=es&amp;answer=95647\">http:\/\/support.google.com\/chrome\/bin\/answer.py?hl=es&amp;answer=95647<\/a><\/u><\/p><p>Para m\u00e1s informaci\u00f3n sobre c\u00f3mo bloquear el uso de cookies en\u00a0<strong>Firefox<\/strong><\/p><p><strong>\u00a0<\/strong><\/p><p><u><a href=\"https:\/\/support.mozilla.org\/es\/kb\/impedir-que-los-sitios-web-guarden-sus-preferencia\">https:\/\/support.mozilla.org\/es\/kb\/impedir-que-los-sitios-web-guarden-sus-preferencia<\/a><\/u><\/p><p>\u00a0<\/p><p>Para m\u00e1s informaci\u00f3n sobre c\u00f3mo bloquear el uso de cookies en\u00a0<strong>Safari<\/strong><\/p><p>\u00a0<\/p><p><u><a href=\"http:\/\/support.apple.com\/kb\/ph5042\">http:\/\/support.apple.com\/kb\/ph5042<\/a><\/u><\/p><p>\u00a0<\/p><p>El Titular no se hace responsable del contenido y veracidad de las pol\u00edticas de privacidad de los terceros incluidos en los enlaces de esta Pol\u00edtica de Cookies.<\/p><ol start=\"4\"><li>Terceros prestadores de servicios.<\/li><\/ol><p>La informaci\u00f3n sobre los terceros con los que se ha gestionado alg\u00fan servicio para el que es necesaria la utilizaci\u00f3n de cookies puede encontrarse en la declaraci\u00f3n de cookies que aparece al acceder a este sitio web, pulsando sobre la opci\u00f3n \u201cMostrar Detalles\u201d<\/p><p>\u00a0<\/p><p><img fetchpriority=\"high\" decoding=\"async\" class=\"aligncenter size-full wp-image-25644\" src=\"https:\/\/luxurysierranevada.com\/wp-content\/uploads\/2021\/04\/cookie.jpg\" sizes=\"(max-width: 651px) 100vw, 651px\" srcset=\"https:\/\/www.luxurysierranevada.com\/wp-content\/uploads\/2021\/04\/cookie.jpg 651w, https:\/\/www.luxurysierranevada.com\/wp-content\/uploads\/2021\/04\/cookie-300x78.jpg 300w\" alt=\"\" width=\"651\" height=\"170\" \/><\/p><p>El Titular declina cualquier responsabilidad respecto al contenido y veracidad de la informaci\u00f3n y pol\u00edticas de privacidad relativas a las cookies de terceros.<\/p><p>\u00a0<\/p><p>La presente pol\u00edtica fue modificada a fecha el 22 de abril de 2024.<\/p>\t\t\t\t\t\t<\/div>\n\t\t\t\t<\/div>\n\t\t\t\t\t<\/div>\r\n\t\t\t\t<\/div>\r\n\t\t\t\t<\/div>","protected":false},"excerpt":{"rendered":"<p>Definici\u00f3n y funciones de las cookies. Una cookie es un fichero que se descarga en el equipo del Usuario al acceder a determinados sitios web. Las cookies permiten al sitio web, entre otras cosas, almacenar y recuperar informaci\u00f3n sobre los h\u00e1bitos de navegaci\u00f3n del Usuario o de su equipo y, dependiendo de la informaci\u00f3n que [&hellip;]<\/p>","protected":false},"author":1,"featured_media":0,"parent":0,"menu_order":0,"comment_status":"closed","ping_status":"closed","template":"","meta":{"om_disable_all_campaigns":false,"_monsterinsights_skip_tracking":false,"_monsterinsights_sitenote_active":false,"_monsterinsights_sitenote_note":"","_monsterinsights_sitenote_category":0,"footnotes":"","_joinchat":[]},"aioseo_notices":[],"_links":{"self":[{"href":"https:\/\/baburestaurante.com\/en\/wp-json\/wp\/v2\/pages\/6398"}],"collection":[{"href":"https:\/\/baburestaurante.com\/en\/wp-json\/wp\/v2\/pages"}],"about":[{"href":"https:\/\/baburestaurante.com\/en\/wp-json\/wp\/v2\/types\/page"}],"author":[{"embeddable":true,"href":"https:\/\/baburestaurante.com\/en\/wp-json\/wp\/v2\/users\/1"}],"replies":[{"embeddable":true,"href":"https:\/\/baburestaurante.com\/en\/wp-json\/wp\/v2\/comments?post=6398"}],"version-history":[{"count":5,"href":"https:\/\/baburestaurante.com\/en\/wp-json\/wp\/v2\/pages\/6398\/revisions"}],"predecessor-version":[{"id":6406,"href":"https:\/\/baburestaurante.com\/en\/wp-json\/wp\/v2\/pages\/6398\/revisions\/6406"}],"wp:attachment":[{"href":"https:\/\/baburestaurante.com\/en\/wp-json\/wp\/v2\/media?parent=6398"}],"curies":[{"name":"wp","href":"https:\/\/api.w.org\/{rel}","templated":true}]}}